{"id":339,"date":"2022-07-26T19:25:07","date_gmt":"2022-07-26T19:25:07","guid":{"rendered":"http:\/\/vapourproductscanada.com\/?post_type=product&#038;p=339"},"modified":"2022-08-30T20:55:46","modified_gmt":"2022-08-30T20:55:46","slug":"20-awa-20-50-advanced-water-vapour-fireplace","status":"publish","type":"product","link":"http:\/\/vapourproductscanada.com\/fr\/produit\/20-awa-20-50-advanced-water-vapour-fireplace\/","title":{"rendered":"AQUAFIRE 20\u201d"},"content":{"rendered":"<p style=\"text-align: center;\"><strong>L'insert mesure 20 in | 50,8 cm de long 12,9 in | 32,8 cm de large et 11,3 in | 28,6 cm de haut<\/strong><\/p>\n<p style=\"text-align: left;\">Votre foyer est livr\u00e9 sous la forme d'un insert noir satin\u00e9 que vous pouvez placer dans une cosse de foyer d\u00e9corative. Contr\u00f4lable par un bouton sur l'appareil, un contact pour les applications smart-home (contact sec) ou une t\u00e9l\u00e9commande ajustant la hauteur et la vitesse de vos flammes orange traditionnelles.<\/p>\n<p style=\"text-align: left;\">Votre mod\u00e8le avanc\u00e9 est \u00e9quip\u00e9 \u00e0 la fois d'un remplissage manuel et d'un remplissage et d'une vidange automatis\u00e9s (pas besoin de ligne d'alimentation en eau) pour votre confort. La gamme avanc\u00e9e comprend \u00e9galement un traitement de l'air sp\u00e9cialis\u00e9 pour votre s\u00e9curit\u00e9. Avec une autonomie de 20 heures, un r\u00e9servoir d'une capacit\u00e9 de 2 litres et une puissance de 40 watts, pour un poids de seulement 12 kg, c'est le foyer \u00e0 vapeur d'eau le plus \u00e9conomique et le plus facile \u00e0 installer de la gamme.<\/p>","protected":false},"excerpt":{"rendered":"<p>Votre foyer est livr\u00e9 sous la forme d'un insert noir satin\u00e9 que vous pouvez placer dans une cosse de foyer d\u00e9corative. L'insert mesure 20 in | 50,8 cm de long 12,9 in | 32,8 cm de large et 11,3 in | 28,6 cm de haut. Contr\u00f4lable par un bouton sur l'appareil, un contact pour les applications smart-home (contact sec) ou une t\u00e9l\u00e9commande ajustant la hauteur et la vitesse de vos flammes orange traditionnelles.<\/p>","protected":false},"featured_media":1994,"comment_status":"open","ping_status":"closed","template":"","meta":[],"product_cat":[21],"product_tag":[],"yoast_head":"<!-- This site is optimized with the Yoast SEO plugin v20.6 - https:\/\/yoast.com\/wordpress\/plugins\/seo\/ -->\n<title>AQUAFIRE 20\u201d - Vapour Products Canada<\/title>\n<meta name=\"robots\" content=\"index, follow, max-snippet:-1, max-image-preview:large, max-video-preview:-1\" \/>\n<link rel=\"canonical\" href=\"http:\/\/vapourproductscanada.com\/fr\/produit\/20-awa-20-50-advanced-water-vapour-fireplace\/\" \/>\n<meta property=\"og:locale\" content=\"fr_CA\" \/>\n<meta property=\"og:type\" content=\"article\" \/>\n<meta property=\"og:title\" content=\"AQUAFIRE 20\u201d - Vapour Products Canada\" \/>\n<meta property=\"og:description\" content=\"Your fireplace comes as a satin black insert you can place into a decorative fireplace pod, insert sized 20 in | 50.8 cm long 12.9 in | 32.8cm wide and 11.3 in | 28.6 cm high. Controllable by a button on the device, contact for smart-home applications (dry contact) or a remote control adjusting the height and speed of your traditional orange flames.\" \/>\n<meta property=\"og:url\" content=\"http:\/\/vapourproductscanada.com\/fr\/produit\/20-awa-20-50-advanced-water-vapour-fireplace\/\" \/>\n<meta property=\"og:site_name\" content=\"Vapour Products Canada\" \/>\n<meta property=\"article:modified_time\" content=\"2022-08-30T20:55:46+00:00\" \/>\n<meta property=\"og:image\" content=\"http:\/\/vapourproductscanada.com\/wp-content\/uploads\/2022\/07\/AWA-20-50-installation-Advance.png\" \/>\n\t<meta property=\"og:image:width\" content=\"1280\" \/>\n\t<meta property=\"og:image:height\" content=\"905\" \/>\n\t<meta property=\"og:image:type\" content=\"image\/png\" \/>\n<meta name=\"twitter:card\" content=\"summary_large_image\" \/>\n<meta name=\"twitter:label1\" content=\"Estimation du temps de lecture\" \/>\n\t<meta name=\"twitter:data1\" content=\"1 minute\" \/>\n<script type=\"application\/ld+json\" class=\"yoast-schema-graph\">{\"@context\":\"https:\/\/schema.org\",\"@graph\":[{\"@type\":\"WebPage\",\"@id\":\"http:\/\/vapourproductscanada.com\/fr\/produit\/20-awa-20-50-advanced-water-vapour-fireplace\/\",\"url\":\"http:\/\/vapourproductscanada.com\/fr\/produit\/20-awa-20-50-advanced-water-vapour-fireplace\/\",\"name\":\"AQUAFIRE 20\u201d - Vapour Products Canada\",\"isPartOf\":{\"@id\":\"https:\/\/vapourproductscanada.com\/fr\/#website\"},\"datePublished\":\"2022-07-26T19:25:07+00:00\",\"dateModified\":\"2022-08-30T20:55:46+00:00\",\"breadcrumb\":{\"@id\":\"http:\/\/vapourproductscanada.com\/fr\/produit\/20-awa-20-50-advanced-water-vapour-fireplace\/#breadcrumb\"},\"inLanguage\":\"fr-CA\",\"potentialAction\":[{\"@type\":\"ReadAction\",\"target\":[\"http:\/\/vapourproductscanada.com\/fr\/produit\/20-awa-20-50-advanced-water-vapour-fireplace\/\"]}]},{\"@type\":\"BreadcrumbList\",\"@id\":\"http:\/\/vapourproductscanada.com\/fr\/produit\/20-awa-20-50-advanced-water-vapour-fireplace\/#breadcrumb\",\"itemListElement\":[{\"@type\":\"ListItem\",\"position\":1,\"name\":\"Home\",\"item\":\"https:\/\/vapourproductscanada.com\/fr\/\"},{\"@type\":\"ListItem\",\"position\":2,\"name\":\"Shop\",\"item\":\"http:\/\/vapourproductscanada.com\/fr\/shop\/\"},{\"@type\":\"ListItem\",\"position\":3,\"name\":\"AQUAFIRE 20\u201d\"}]},{\"@type\":\"WebSite\",\"@id\":\"https:\/\/vapourproductscanada.com\/fr\/#website\",\"url\":\"https:\/\/vapourproductscanada.com\/fr\/\",\"name\":\"Vapour Products Canada\",\"description\":\"Water Vapour, Home decorations &amp; Fireplace Products\",\"publisher\":{\"@id\":\"https:\/\/vapourproductscanada.com\/fr\/#organization\"},\"potentialAction\":[{\"@type\":\"SearchAction\",\"target\":{\"@type\":\"EntryPoint\",\"urlTemplate\":\"https:\/\/vapourproductscanada.com\/fr\/?s={search_term_string}\"},\"query-input\":\"required name=search_term_string\"}],\"inLanguage\":\"fr-CA\"},{\"@type\":\"Organization\",\"@id\":\"https:\/\/vapourproductscanada.com\/fr\/#organization\",\"name\":\"Vapour Products Canada\",\"url\":\"https:\/\/vapourproductscanada.com\/fr\/\",\"logo\":{\"@type\":\"ImageObject\",\"inLanguage\":\"fr-CA\",\"@id\":\"https:\/\/vapourproductscanada.com\/fr\/#\/schema\/logo\/image\/\",\"url\":\"http:\/\/vapourproductscanada.com\/wp-content\/uploads\/2022\/07\/Layer-1.png\",\"contentUrl\":\"http:\/\/vapourproductscanada.com\/wp-content\/uploads\/2022\/07\/Layer-1.png\",\"width\":404,\"height\":178,\"caption\":\"Vapour Products Canada\"},\"image\":{\"@id\":\"https:\/\/vapourproductscanada.com\/fr\/#\/schema\/logo\/image\/\"}}]}<\/script>\n<!-- \/ Yoast SEO plugin. -->","yoast_head_json":{"title":"AQUAFIRE 20\u201d - Vapour Products Canada","robots":{"index":"index","follow":"follow","max-snippet":"max-snippet:-1","max-image-preview":"max-image-preview:large","max-video-preview":"max-video-preview:-1"},"canonical":"http:\/\/vapourproductscanada.com\/fr\/produit\/20-awa-20-50-advanced-water-vapour-fireplace\/","og_locale":"fr_CA","og_type":"article","og_title":"AQUAFIRE 20\u201d - Vapour Products Canada","og_description":"Your fireplace comes as a satin black insert you can place into a decorative fireplace pod, insert sized 20 in | 50.8 cm long 12.9 in | 32.8cm wide and 11.3 in | 28.6 cm high. Controllable by a button on the device, contact for smart-home applications (dry contact) or a remote control adjusting the height and speed of your traditional orange flames.","og_url":"http:\/\/vapourproductscanada.com\/fr\/produit\/20-awa-20-50-advanced-water-vapour-fireplace\/","og_site_name":"Vapour Products Canada","article_modified_time":"2022-08-30T20:55:46+00:00","og_image":[{"width":1280,"height":905,"url":"http:\/\/vapourproductscanada.com\/wp-content\/uploads\/2022\/07\/AWA-20-50-installation-Advance.png","type":"image\/png"}],"twitter_card":"summary_large_image","twitter_misc":{"Estimation du temps de lecture":"1 minute"},"schema":{"@context":"https:\/\/schema.org","@graph":[{"@type":"WebPage","@id":"http:\/\/vapourproductscanada.com\/fr\/produit\/20-awa-20-50-advanced-water-vapour-fireplace\/","url":"http:\/\/vapourproductscanada.com\/fr\/produit\/20-awa-20-50-advanced-water-vapour-fireplace\/","name":"AQUAFIRE 20\u201d - Vapour Products Canada","isPartOf":{"@id":"https:\/\/vapourproductscanada.com\/fr\/#website"},"datePublished":"2022-07-26T19:25:07+00:00","dateModified":"2022-08-30T20:55:46+00:00","breadcrumb":{"@id":"http:\/\/vapourproductscanada.com\/fr\/produit\/20-awa-20-50-advanced-water-vapour-fireplace\/#breadcrumb"},"inLanguage":"fr-CA","potentialAction":[{"@type":"ReadAction","target":["http:\/\/vapourproductscanada.com\/fr\/produit\/20-awa-20-50-advanced-water-vapour-fireplace\/"]}]},{"@type":"BreadcrumbList","@id":"http:\/\/vapourproductscanada.com\/fr\/produit\/20-awa-20-50-advanced-water-vapour-fireplace\/#breadcrumb","itemListElement":[{"@type":"ListItem","position":1,"name":"Home","item":"https:\/\/vapourproductscanada.com\/fr\/"},{"@type":"ListItem","position":2,"name":"Shop","item":"http:\/\/vapourproductscanada.com\/fr\/shop\/"},{"@type":"ListItem","position":3,"name":"AQUAFIRE 20\u201d"}]},{"@type":"WebSite","@id":"https:\/\/vapourproductscanada.com\/fr\/#website","url":"https:\/\/vapourproductscanada.com\/fr\/","name":"Vapour Products Canada","description":"Water Vapour, Home decorations &amp; Fireplace Products","publisher":{"@id":"https:\/\/vapourproductscanada.com\/fr\/#organization"},"potentialAction":[{"@type":"SearchAction","target":{"@type":"EntryPoint","urlTemplate":"https:\/\/vapourproductscanada.com\/fr\/?s={search_term_string}"},"query-input":"required name=search_term_string"}],"inLanguage":"fr-CA"},{"@type":"Organization","@id":"https:\/\/vapourproductscanada.com\/fr\/#organization","name":"Vapour Products Canada","url":"https:\/\/vapourproductscanada.com\/fr\/","logo":{"@type":"ImageObject","inLanguage":"fr-CA","@id":"https:\/\/vapourproductscanada.com\/fr\/#\/schema\/logo\/image\/","url":"http:\/\/vapourproductscanada.com\/wp-content\/uploads\/2022\/07\/Layer-1.png","contentUrl":"http:\/\/vapourproductscanada.com\/wp-content\/uploads\/2022\/07\/Layer-1.png","width":404,"height":178,"caption":"Vapour Products Canada"},"image":{"@id":"https:\/\/vapourproductscanada.com\/fr\/#\/schema\/logo\/image\/"}}]}},"_links":{"self":[{"href":"http:\/\/vapourproductscanada.com\/fr\/wp-json\/wp\/v3\/product\/339"}],"collection":[{"href":"http:\/\/vapourproductscanada.com\/fr\/wp-json\/wp\/v3\/product"}],"about":[{"href":"http:\/\/vapourproductscanada.com\/fr\/wp-json\/wp\/v2\/types\/product"}],"replies":[{"embeddable":true,"href":"http:\/\/vapourproductscanada.com\/fr\/wp-json\/wp\/v2\/comments?post=339"}],"wp:featuredmedia":[{"embeddable":true,"href":"http:\/\/vapourproductscanada.com\/fr\/wp-json\/wp\/v2\/media\/1994"}],"wp:attachment":[{"href":"http:\/\/vapourproductscanada.com\/fr\/wp-json\/wp\/v2\/media?parent=339"}],"wp:term":[{"taxonomy":"product_cat","embeddable":true,"href":"http:\/\/vapourproductscanada.com\/fr\/wp-json\/wp\/v2\/product_cat?post=339"},{"taxonomy":"product_tag","embeddable":true,"href":"http:\/\/vapourproductscanada.com\/fr\/wp-json\/wp\/v2\/product_tag?post=339"}],"curies":[{"name":"wp","href":"https:\/\/api.w.org\/{rel}","templated":true}]}}