{"id":3,"date":"2022-07-25T06:59:49","date_gmt":"2022-07-25T06:59:49","guid":{"rendered":"http:\/\/vapourproductscanada.com\/?page_id=3"},"modified":"2022-08-19T17:14:30","modified_gmt":"2022-08-19T17:14:30","slug":"privacy-policy","status":"publish","type":"page","link":"https:\/\/vapourproductscanada.com\/fr\/privacy-policy\/","title":{"rendered":"Politique de confidentialit\u00e9"},"content":{"rendered":"<p>Votre vie priv\u00e9e est importante pour nous. La politique de Vapor Prodcuts Canada Inc. est de respecter votre vie priv\u00e9e concernant toute information que nous pouvons recueillir aupr\u00e8s de vous sur notre site  http:\/\/vapourproductscanada.com. Cette page vous informe de nos politiques concernant la collecte, l'utilisation et la divulgation des informations personnelles que nous recevons des utilisateurs du site. Nous utilisons vos informations personnelles uniquement pour fournir et am\u00e9liorer le site. En utilisant le site, vous acceptez la collecte et l'utilisation des informations conform\u00e9ment \u00e0 cette politique.<\/p>\n\n\n\n<h2 class=\"wp-block-heading\"><strong>Collecte et utilisation des informations<\/strong><\/h2>\n\n\n\n<p>Lors de l'utilisation du site, nous pouvons vous demander de nous fournir certaines informations personnellement identifiables qui peuvent \u00eatre utilis\u00e9es pour vous contacter ou vous identifier. Les informations personnellement identifiables peuvent inclure, mais sans s'y limiter, votre nom (\"Informations personnelles\").<\/p>\n\n\n\n<h2 class=\"wp-block-heading\"><strong>Donn\u00e9es de journal<\/strong><\/h2>\n\n\n\n<p>Comme de nombreux op\u00e9rateurs de sites, nous recueillons des informations que votre navigateur envoie chaque fois que vous visitez le site (\"Log Data\"). Ces donn\u00e9es de journal peuvent inclure des informations telles que l'adresse de protocole Internet (\"IP\") de votre ordinateur, le type de navigateur, la version du navigateur, les pages du site que vous visitez, l'heure et la date de votre visite, le temps pass\u00e9 sur ces pages, et autres statistiques. En outre, nous pouvons utiliser des services tiers, tels que Google Analytics, qui collectent, surveillent et analysent ce site pour nous aider \u00e0 mesurer le trafic et les tendances d'utilisation. Ces outils collectent des informations envoy\u00e9es par votre navigateur ou appareil mobile, y compris les pages que vous visitez, et d'autres informations qui nous aident \u00e0 am\u00e9liorer le site. Nous collectons et utilisons ces informations analytiques sous forme agr\u00e9g\u00e9e, de sorte qu'elles ne peuvent raisonnablement pas \u00eatre manipul\u00e9es pour identifier un utilisateur particulier.<\/p>\n\n\n\n<h2 class=\"wp-block-heading\"><strong>Communication<\/strong><\/h2>\n\n\n\n<p>Nous pouvons utiliser vos informations personnelles que nous collectons ou recevons, telles que votre adresse e-mail, pour vous contacter avec des newsletters, du mat\u00e9riel marketing ou promotionnel et d'autres informations. Si vous ne souhaitez pas recevoir de tels e-mails, vous aurez la possibilit\u00e9 de vous d\u00e9sabonner ou de modifier vos pr\u00e9f\u00e9rences.<\/p>\n\n\n\n<h2 class=\"wp-block-heading\"><strong>Cookies du site web<\/strong><\/h2>\n\n\n\n<p>Les cookies sont des fichiers contenant une petite quantit\u00e9 de donn\u00e9es, qui peuvent inclure un identifiant unique anonyme. Les cookies sont envoy\u00e9s \u00e0 votre navigateur \u00e0 partir d'un site Web et stock\u00e9s sur le disque dur de votre ordinateur.<\/p>\n\n\n\n<p>Comme de nombreux sites, nous utilisons des \u00ab cookies \u00bb pour collecter des informations. Vous pouvez demander \u00e0 votre navigateur de refuser tous les cookies ou d'indiquer quand un cookie est envoy\u00e9. Cependant, si vous n'acceptez pas les cookies, vous ne pourrez peut-\u00eatre pas utiliser certaines parties de notre site.<\/p>\n\n\n\n<h2 class=\"wp-block-heading\"><strong>S\u00e9curit\u00e9<\/strong><\/h2>\n\n\n\n<p>La s\u00e9curit\u00e9 de vos informations personnelles est importante pour nous, mais rappelez-vous qu'aucune m\u00e9thode de transmission sur Internet, ou m\u00e9thode de stockage \u00e9lectronique, n'est s\u00e9curis\u00e9e \u00e0 100 %. Bien que nous nous efforcions d'utiliser des moyens commercialement acceptables pour prot\u00e9ger vos informations personnelles, nous ne pouvons garantir leur s\u00e9curit\u00e9 absolue.<\/p>\n\n\n\n<h2 class=\"wp-block-heading\"><strong>Modifications de cette politique de confidentialit\u00e9<\/strong><\/h2>\n\n\n\n<p>Cette politique de confidentialit\u00e9 entre en vigueur le 2022-08-10 et restera en vigueur, sauf en ce qui concerne toute modification de ses dispositions \u00e0 l'avenir. Cela entrera en vigueur imm\u00e9diatement apr\u00e8s sa publication sur cette page.<\/p>\n\n\n\n<p>Nous nous r\u00e9servons le droit de mettre \u00e0 jour ou de modifier notre politique de confidentialit\u00e9 \u00e0 tout moment et vous devez v\u00e9rifier cette politique de confidentialit\u00e9 p\u00e9riodiquement. Votre utilisation continue du Service apr\u00e8s la publication de toute modification de la Politique de confidentialit\u00e9 sur cette page constituera votre reconnaissance des modifications et votre consentement \u00e0 respecter et \u00e0 \u00eatre li\u00e9 par la Politique de confidentialit\u00e9 modifi\u00e9e.<\/p>\n\n\n\n<p>Si nous apportons des modifications importantes \u00e0 cette politique de confidentialit\u00e9, nous vous en informerons soit via l'adresse e-mail que vous avez fournie, soit en pla\u00e7ant un avis bien visible sur le site.<\/p>\n\n\n\n<h2 class=\"wp-block-heading\"><strong>Contact<\/strong><\/h2>\n\n\n\n<p>Si vous avez des questions concernant cette politique de confidentialit\u00e9, veuillez nous contacter.<\/p>","protected":false},"excerpt":{"rendered":"<p>Your privacy is important to us. It is Vapour Prodcuts Canada Inc.\u2019s policy to respect your privacy regarding any information we may collect from you across our website (hereinafter \u201cthe site\u201d) http:\/\/vapourproductscanada.com.&nbsp; This page informs you of our policies regarding the collection, use, and disclosure of personal information we receive from users of the site. [&hellip;]<\/p>","protected":false},"author":1,"featured_media":0,"parent":0,"menu_order":0,"comment_status":"closed","ping_status":"open","template":"","meta":[],"yoast_head":"<!-- This site is optimized with the Yoast SEO plugin v20.6 - https:\/\/yoast.com\/wordpress\/plugins\/seo\/ -->\n<title>Privacy Policy - Vapour Products Canada<\/title>\n<meta name=\"robots\" content=\"index, follow, max-snippet:-1, max-image-preview:large, max-video-preview:-1\" \/>\n<link rel=\"canonical\" href=\"https:\/\/vapourproductscanada.com\/fr\/privacy-policy\/\" \/>\n<meta property=\"og:locale\" content=\"fr_CA\" \/>\n<meta property=\"og:type\" content=\"article\" \/>\n<meta property=\"og:title\" content=\"Privacy Policy - Vapour Products Canada\" \/>\n<meta property=\"og:description\" content=\"Your privacy is important to us. It is Vapour Prodcuts Canada Inc.\u2019s policy to respect your privacy regarding any information we may collect from you across our website (hereinafter \u201cthe site\u201d) http:\/\/vapourproductscanada.com.&nbsp; This page informs you of our policies regarding the collection, use, and disclosure of personal information we receive from users of the site. [&hellip;]\" \/>\n<meta property=\"og:url\" content=\"https:\/\/vapourproductscanada.com\/fr\/privacy-policy\/\" \/>\n<meta property=\"og:site_name\" content=\"Vapour Products Canada\" \/>\n<meta property=\"article:modified_time\" content=\"2022-08-19T17:14:30+00:00\" \/>\n<meta name=\"twitter:card\" content=\"summary_large_image\" \/>\n<meta name=\"twitter:label1\" content=\"Estimation du temps de lecture\" \/>\n\t<meta name=\"twitter:data1\" content=\"3 minutes\" \/>\n<script type=\"application\/ld+json\" class=\"yoast-schema-graph\">{\"@context\":\"https:\/\/schema.org\",\"@graph\":[{\"@type\":\"WebPage\",\"@id\":\"https:\/\/vapourproductscanada.com\/fr\/privacy-policy\/\",\"url\":\"https:\/\/vapourproductscanada.com\/fr\/privacy-policy\/\",\"name\":\"Privacy Policy - Vapour Products Canada\",\"isPartOf\":{\"@id\":\"https:\/\/vapourproductscanada.com\/fr\/#website\"},\"datePublished\":\"2022-07-25T06:59:49+00:00\",\"dateModified\":\"2022-08-19T17:14:30+00:00\",\"breadcrumb\":{\"@id\":\"https:\/\/vapourproductscanada.com\/fr\/privacy-policy\/#breadcrumb\"},\"inLanguage\":\"fr-CA\",\"potentialAction\":[{\"@type\":\"ReadAction\",\"target\":[\"https:\/\/vapourproductscanada.com\/fr\/privacy-policy\/\"]}]},{\"@type\":\"BreadcrumbList\",\"@id\":\"https:\/\/vapourproductscanada.com\/fr\/privacy-policy\/#breadcrumb\",\"itemListElement\":[{\"@type\":\"ListItem\",\"position\":1,\"name\":\"Home\",\"item\":\"https:\/\/vapourproductscanada.com\/fr\/\"},{\"@type\":\"ListItem\",\"position\":2,\"name\":\"Privacy Policy\"}]},{\"@type\":\"WebSite\",\"@id\":\"https:\/\/vapourproductscanada.com\/fr\/#website\",\"url\":\"https:\/\/vapourproductscanada.com\/fr\/\",\"name\":\"Vapour Products Canada\",\"description\":\"Water Vapour, Home decorations &amp; Fireplace Products\",\"publisher\":{\"@id\":\"https:\/\/vapourproductscanada.com\/fr\/#organization\"},\"potentialAction\":[{\"@type\":\"SearchAction\",\"target\":{\"@type\":\"EntryPoint\",\"urlTemplate\":\"https:\/\/vapourproductscanada.com\/fr\/?s={search_term_string}\"},\"query-input\":\"required name=search_term_string\"}],\"inLanguage\":\"fr-CA\"},{\"@type\":\"Organization\",\"@id\":\"https:\/\/vapourproductscanada.com\/fr\/#organization\",\"name\":\"Vapour Products Canada\",\"url\":\"https:\/\/vapourproductscanada.com\/fr\/\",\"logo\":{\"@type\":\"ImageObject\",\"inLanguage\":\"fr-CA\",\"@id\":\"https:\/\/vapourproductscanada.com\/fr\/#\/schema\/logo\/image\/\",\"url\":\"https:\/\/vapourproductscanada.com\/wp-content\/uploads\/2022\/07\/Layer-1.png\",\"contentUrl\":\"https:\/\/vapourproductscanada.com\/wp-content\/uploads\/2022\/07\/Layer-1.png\",\"width\":404,\"height\":178,\"caption\":\"Vapour Products Canada\"},\"image\":{\"@id\":\"https:\/\/vapourproductscanada.com\/fr\/#\/schema\/logo\/image\/\"}}]}<\/script>\n<!-- \/ Yoast SEO plugin. -->","yoast_head_json":{"title":"Privacy Policy - Vapour Products Canada","robots":{"index":"index","follow":"follow","max-snippet":"max-snippet:-1","max-image-preview":"max-image-preview:large","max-video-preview":"max-video-preview:-1"},"canonical":"https:\/\/vapourproductscanada.com\/fr\/privacy-policy\/","og_locale":"fr_CA","og_type":"article","og_title":"Privacy Policy - Vapour Products Canada","og_description":"Your privacy is important to us. It is Vapour Prodcuts Canada Inc.\u2019s policy to respect your privacy regarding any information we may collect from you across our website (hereinafter \u201cthe site\u201d) http:\/\/vapourproductscanada.com.&nbsp; This page informs you of our policies regarding the collection, use, and disclosure of personal information we receive from users of the site. [&hellip;]","og_url":"https:\/\/vapourproductscanada.com\/fr\/privacy-policy\/","og_site_name":"Vapour Products Canada","article_modified_time":"2022-08-19T17:14:30+00:00","twitter_card":"summary_large_image","twitter_misc":{"Estimation du temps de lecture":"3 minutes"},"schema":{"@context":"https:\/\/schema.org","@graph":[{"@type":"WebPage","@id":"https:\/\/vapourproductscanada.com\/fr\/privacy-policy\/","url":"https:\/\/vapourproductscanada.com\/fr\/privacy-policy\/","name":"Privacy Policy - Vapour Products Canada","isPartOf":{"@id":"https:\/\/vapourproductscanada.com\/fr\/#website"},"datePublished":"2022-07-25T06:59:49+00:00","dateModified":"2022-08-19T17:14:30+00:00","breadcrumb":{"@id":"https:\/\/vapourproductscanada.com\/fr\/privacy-policy\/#breadcrumb"},"inLanguage":"fr-CA","potentialAction":[{"@type":"ReadAction","target":["https:\/\/vapourproductscanada.com\/fr\/privacy-policy\/"]}]},{"@type":"BreadcrumbList","@id":"https:\/\/vapourproductscanada.com\/fr\/privacy-policy\/#breadcrumb","itemListElement":[{"@type":"ListItem","position":1,"name":"Home","item":"https:\/\/vapourproductscanada.com\/fr\/"},{"@type":"ListItem","position":2,"name":"Privacy Policy"}]},{"@type":"WebSite","@id":"https:\/\/vapourproductscanada.com\/fr\/#website","url":"https:\/\/vapourproductscanada.com\/fr\/","name":"Vapour Products Canada","description":"Water Vapour, Home decorations &amp; Fireplace Products","publisher":{"@id":"https:\/\/vapourproductscanada.com\/fr\/#organization"},"potentialAction":[{"@type":"SearchAction","target":{"@type":"EntryPoint","urlTemplate":"https:\/\/vapourproductscanada.com\/fr\/?s={search_term_string}"},"query-input":"required name=search_term_string"}],"inLanguage":"fr-CA"},{"@type":"Organization","@id":"https:\/\/vapourproductscanada.com\/fr\/#organization","name":"Vapour Products Canada","url":"https:\/\/vapourproductscanada.com\/fr\/","logo":{"@type":"ImageObject","inLanguage":"fr-CA","@id":"https:\/\/vapourproductscanada.com\/fr\/#\/schema\/logo\/image\/","url":"https:\/\/vapourproductscanada.com\/wp-content\/uploads\/2022\/07\/Layer-1.png","contentUrl":"https:\/\/vapourproductscanada.com\/wp-content\/uploads\/2022\/07\/Layer-1.png","width":404,"height":178,"caption":"Vapour Products Canada"},"image":{"@id":"https:\/\/vapourproductscanada.com\/fr\/#\/schema\/logo\/image\/"}}]}},"_links":{"self":[{"href":"https:\/\/vapourproductscanada.com\/fr\/wp-json\/wp\/v2\/pages\/3"}],"collection":[{"href":"https:\/\/vapourproductscanada.com\/fr\/wp-json\/wp\/v2\/pages"}],"about":[{"href":"https:\/\/vapourproductscanada.com\/fr\/wp-json\/wp\/v2\/types\/page"}],"author":[{"embeddable":true,"href":"https:\/\/vapourproductscanada.com\/fr\/wp-json\/wp\/v2\/users\/1"}],"replies":[{"embeddable":true,"href":"https:\/\/vapourproductscanada.com\/fr\/wp-json\/wp\/v2\/comments?post=3"}],"version-history":[{"count":3,"href":"https:\/\/vapourproductscanada.com\/fr\/wp-json\/wp\/v2\/pages\/3\/revisions"}],"predecessor-version":[{"id":1942,"href":"https:\/\/vapourproductscanada.com\/fr\/wp-json\/wp\/v2\/pages\/3\/revisions\/1942"}],"wp:attachment":[{"href":"https:\/\/vapourproductscanada.com\/fr\/wp-json\/wp\/v2\/media?parent=3"}],"curies":[{"name":"wp","href":"https:\/\/api.w.org\/{rel}","templated":true}]}}