{"id":341,"date":"2022-07-26T19:29:08","date_gmt":"2022-07-26T19:29:08","guid":{"rendered":"http:\/\/vapourproductscanada.com\/?post_type=product&#038;p=341"},"modified":"2022-08-30T20:50:56","modified_gmt":"2022-08-30T20:50:56","slug":"60-awa-65-150-advanced-water-vapour-fireplace","status":"publish","type":"product","link":"https:\/\/vapourproductscanada.com\/fr\/produit\/60-awa-65-150-advanced-water-vapour-fireplace\/","title":{"rendered":"AQUAFIRE 60\u201d"},"content":{"rendered":"<p style=\"text-align: center;\"><strong>L'insert mesure 60 in | 152,4 cm de long 12,9 in | 32,8 cm de large et 8,7 in | 22 cm de haut <\/strong><\/p>\n<p style=\"text-align: left;\">Foyer \u00e0 vapeur d'eau 40\" AWA 40-100 advanced prestige. Votre foyer se pr\u00e9sente sous la forme d'un insert noir satin\u00e9 que vous pouvez placer dans une bo\u00eete \u00e0 foyer d\u00e9corative.Contr\u00f4lable par le bouton marche\/arr\u00eat de l'insert, la t\u00e9l\u00e9commande ou par contact pour les applications smart-home (contact sec). Le r\u00e9glage de la hauteur et de la vitesse de vos flammes orange traditionnelles se fait facilement. Votre mod\u00e8le avanc\u00e9 dispose des deux options de remplissage manuel ou de remplissage et de vidange automatis\u00e9s sans avoir besoin d'une ligne d'alimentation en eau.<\/p>\n<p style=\"text-align: left;\">La gamme avanc\u00e9e comprend \u00e9galement un traitement de l'air sp\u00e9cialis\u00e9 pour votre s\u00e9curit\u00e9 gr\u00e2ce \u00e0 la technologie UV-C. Les sp\u00e9cifications techniques du mod\u00e8le 60 pouces sont une autonomie de 20 heures, une capacit\u00e9 de r\u00e9servoir de 6 litres, une puissance de 125 w et un poids de 32 kg. Tous les foyers \u00e0 vapeur d'eau AFIRE sont exempts de toute condensation ou humidit\u00e9 dans votre maison car ils sont imm\u00e9diatement absorb\u00e9s par l'air ambiant.<\/p>","protected":false},"excerpt":{"rendered":"<p>Your fireplace comes as a satin black insert you can place into a decorative fireplace pod. Insert sized 60 in | 152.4 cm long 12.9 in | 32.8 cm wide and 8.7 in | 22 cm high. Controllable by power on\/off button on the insert, remote control or by contacting for smart-home applications (dry contact). Adjusting the height and speed of your traditional orange flames is easily done.<\/p>","protected":false},"featured_media":1989,"comment_status":"open","ping_status":"closed","template":"","meta":[],"product_cat":[21],"product_tag":[],"yoast_head":"<!-- This site is optimized with the Yoast SEO plugin v20.6 - https:\/\/yoast.com\/wordpress\/plugins\/seo\/ -->\n<title>AQUAFIRE 60\u201d - Vapour Products Canada<\/title>\n<meta name=\"robots\" content=\"index, follow, max-snippet:-1, max-image-preview:large, max-video-preview:-1\" \/>\n<link rel=\"canonical\" href=\"https:\/\/vapourproductscanada.com\/fr\/produit\/60-awa-65-150-advanced-water-vapour-fireplace\/\" \/>\n<meta property=\"og:locale\" content=\"fr_CA\" \/>\n<meta property=\"og:type\" content=\"article\" \/>\n<meta property=\"og:title\" content=\"AQUAFIRE 60\u201d - Vapour Products Canada\" \/>\n<meta property=\"og:description\" content=\"Your fireplace comes as a satin black insert you can place into a decorative fireplace pod. Insert sized 60 in | 152.4 cm long 12.9 in | 32.8 cm wide and 8.7 in | 22 cm high. Controllable by power on\/off button on the insert, remote control or by contacting for smart-home applications (dry contact). Adjusting the height and speed of your traditional orange flames is easily done.\" \/>\n<meta property=\"og:url\" content=\"https:\/\/vapourproductscanada.com\/fr\/produit\/60-awa-65-150-advanced-water-vapour-fireplace\/\" \/>\n<meta property=\"og:site_name\" content=\"Vapour Products Canada\" \/>\n<meta property=\"article:modified_time\" content=\"2022-08-30T20:50:56+00:00\" \/>\n<meta property=\"og:image\" content=\"https:\/\/vapourproductscanada.com\/wp-content\/uploads\/2022\/07\/AWA-60-150-installation-1-advance.png\" \/>\n\t<meta property=\"og:image:width\" content=\"1280\" \/>\n\t<meta property=\"og:image:height\" content=\"905\" \/>\n\t<meta property=\"og:image:type\" content=\"image\/png\" \/>\n<meta name=\"twitter:card\" content=\"summary_large_image\" \/>\n<meta name=\"twitter:label1\" content=\"Estimation du temps de lecture\" \/>\n\t<meta name=\"twitter:data1\" content=\"1 minute\" \/>\n<script type=\"application\/ld+json\" class=\"yoast-schema-graph\">{\"@context\":\"https:\/\/schema.org\",\"@graph\":[{\"@type\":\"WebPage\",\"@id\":\"https:\/\/vapourproductscanada.com\/fr\/produit\/60-awa-65-150-advanced-water-vapour-fireplace\/\",\"url\":\"https:\/\/vapourproductscanada.com\/fr\/produit\/60-awa-65-150-advanced-water-vapour-fireplace\/\",\"name\":\"AQUAFIRE 60\u201d - Vapour Products Canada\",\"isPartOf\":{\"@id\":\"https:\/\/vapourproductscanada.com\/fr\/#website\"},\"datePublished\":\"2022-07-26T19:29:08+00:00\",\"dateModified\":\"2022-08-30T20:50:56+00:00\",\"breadcrumb\":{\"@id\":\"https:\/\/vapourproductscanada.com\/fr\/produit\/60-awa-65-150-advanced-water-vapour-fireplace\/#breadcrumb\"},\"inLanguage\":\"fr-CA\",\"potentialAction\":[{\"@type\":\"ReadAction\",\"target\":[\"https:\/\/vapourproductscanada.com\/fr\/produit\/60-awa-65-150-advanced-water-vapour-fireplace\/\"]}]},{\"@type\":\"BreadcrumbList\",\"@id\":\"https:\/\/vapourproductscanada.com\/fr\/produit\/60-awa-65-150-advanced-water-vapour-fireplace\/#breadcrumb\",\"itemListElement\":[{\"@type\":\"ListItem\",\"position\":1,\"name\":\"Home\",\"item\":\"https:\/\/vapourproductscanada.com\/fr\/\"},{\"@type\":\"ListItem\",\"position\":2,\"name\":\"Shop\",\"item\":\"http:\/\/vapourproductscanada.com\/fr\/shop\/\"},{\"@type\":\"ListItem\",\"position\":3,\"name\":\"AQUAFIRE 60\u201d\"}]},{\"@type\":\"WebSite\",\"@id\":\"https:\/\/vapourproductscanada.com\/fr\/#website\",\"url\":\"https:\/\/vapourproductscanada.com\/fr\/\",\"name\":\"Vapour Products Canada\",\"description\":\"Water Vapour, Home decorations &amp; Fireplace Products\",\"publisher\":{\"@id\":\"https:\/\/vapourproductscanada.com\/fr\/#organization\"},\"potentialAction\":[{\"@type\":\"SearchAction\",\"target\":{\"@type\":\"EntryPoint\",\"urlTemplate\":\"https:\/\/vapourproductscanada.com\/fr\/?s={search_term_string}\"},\"query-input\":\"required name=search_term_string\"}],\"inLanguage\":\"fr-CA\"},{\"@type\":\"Organization\",\"@id\":\"https:\/\/vapourproductscanada.com\/fr\/#organization\",\"name\":\"Vapour Products Canada\",\"url\":\"https:\/\/vapourproductscanada.com\/fr\/\",\"logo\":{\"@type\":\"ImageObject\",\"inLanguage\":\"fr-CA\",\"@id\":\"https:\/\/vapourproductscanada.com\/fr\/#\/schema\/logo\/image\/\",\"url\":\"https:\/\/vapourproductscanada.com\/wp-content\/uploads\/2022\/07\/Layer-1.png\",\"contentUrl\":\"https:\/\/vapourproductscanada.com\/wp-content\/uploads\/2022\/07\/Layer-1.png\",\"width\":404,\"height\":178,\"caption\":\"Vapour Products Canada\"},\"image\":{\"@id\":\"https:\/\/vapourproductscanada.com\/fr\/#\/schema\/logo\/image\/\"}}]}<\/script>\n<!-- \/ Yoast SEO plugin. -->","yoast_head_json":{"title":"AQUAFIRE 60\u201d - Vapour Products Canada","robots":{"index":"index","follow":"follow","max-snippet":"max-snippet:-1","max-image-preview":"max-image-preview:large","max-video-preview":"max-video-preview:-1"},"canonical":"https:\/\/vapourproductscanada.com\/fr\/produit\/60-awa-65-150-advanced-water-vapour-fireplace\/","og_locale":"fr_CA","og_type":"article","og_title":"AQUAFIRE 60\u201d - Vapour Products Canada","og_description":"Your fireplace comes as a satin black insert you can place into a decorative fireplace pod. Insert sized 60 in | 152.4 cm long 12.9 in | 32.8 cm wide and 8.7 in | 22 cm high. Controllable by power on\/off button on the insert, remote control or by contacting for smart-home applications (dry contact). Adjusting the height and speed of your traditional orange flames is easily done.","og_url":"https:\/\/vapourproductscanada.com\/fr\/produit\/60-awa-65-150-advanced-water-vapour-fireplace\/","og_site_name":"Vapour Products Canada","article_modified_time":"2022-08-30T20:50:56+00:00","og_image":[{"width":1280,"height":905,"url":"https:\/\/vapourproductscanada.com\/wp-content\/uploads\/2022\/07\/AWA-60-150-installation-1-advance.png","type":"image\/png"}],"twitter_card":"summary_large_image","twitter_misc":{"Estimation du temps de lecture":"1 minute"},"schema":{"@context":"https:\/\/schema.org","@graph":[{"@type":"WebPage","@id":"https:\/\/vapourproductscanada.com\/fr\/produit\/60-awa-65-150-advanced-water-vapour-fireplace\/","url":"https:\/\/vapourproductscanada.com\/fr\/produit\/60-awa-65-150-advanced-water-vapour-fireplace\/","name":"AQUAFIRE 60\u201d - Vapour Products Canada","isPartOf":{"@id":"https:\/\/vapourproductscanada.com\/fr\/#website"},"datePublished":"2022-07-26T19:29:08+00:00","dateModified":"2022-08-30T20:50:56+00:00","breadcrumb":{"@id":"https:\/\/vapourproductscanada.com\/fr\/produit\/60-awa-65-150-advanced-water-vapour-fireplace\/#breadcrumb"},"inLanguage":"fr-CA","potentialAction":[{"@type":"ReadAction","target":["https:\/\/vapourproductscanada.com\/fr\/produit\/60-awa-65-150-advanced-water-vapour-fireplace\/"]}]},{"@type":"BreadcrumbList","@id":"https:\/\/vapourproductscanada.com\/fr\/produit\/60-awa-65-150-advanced-water-vapour-fireplace\/#breadcrumb","itemListElement":[{"@type":"ListItem","position":1,"name":"Home","item":"https:\/\/vapourproductscanada.com\/fr\/"},{"@type":"ListItem","position":2,"name":"Shop","item":"http:\/\/vapourproductscanada.com\/fr\/shop\/"},{"@type":"ListItem","position":3,"name":"AQUAFIRE 60\u201d"}]},{"@type":"WebSite","@id":"https:\/\/vapourproductscanada.com\/fr\/#website","url":"https:\/\/vapourproductscanada.com\/fr\/","name":"Vapour Products Canada","description":"Water Vapour, Home decorations &amp; Fireplace Products","publisher":{"@id":"https:\/\/vapourproductscanada.com\/fr\/#organization"},"potentialAction":[{"@type":"SearchAction","target":{"@type":"EntryPoint","urlTemplate":"https:\/\/vapourproductscanada.com\/fr\/?s={search_term_string}"},"query-input":"required name=search_term_string"}],"inLanguage":"fr-CA"},{"@type":"Organization","@id":"https:\/\/vapourproductscanada.com\/fr\/#organization","name":"Vapour Products Canada","url":"https:\/\/vapourproductscanada.com\/fr\/","logo":{"@type":"ImageObject","inLanguage":"fr-CA","@id":"https:\/\/vapourproductscanada.com\/fr\/#\/schema\/logo\/image\/","url":"https:\/\/vapourproductscanada.com\/wp-content\/uploads\/2022\/07\/Layer-1.png","contentUrl":"https:\/\/vapourproductscanada.com\/wp-content\/uploads\/2022\/07\/Layer-1.png","width":404,"height":178,"caption":"Vapour Products Canada"},"image":{"@id":"https:\/\/vapourproductscanada.com\/fr\/#\/schema\/logo\/image\/"}}]}},"_links":{"self":[{"href":"https:\/\/vapourproductscanada.com\/fr\/wp-json\/wp\/v3\/product\/341"}],"collection":[{"href":"https:\/\/vapourproductscanada.com\/fr\/wp-json\/wp\/v3\/product"}],"about":[{"href":"https:\/\/vapourproductscanada.com\/fr\/wp-json\/wp\/v2\/types\/product"}],"replies":[{"embeddable":true,"href":"https:\/\/vapourproductscanada.com\/fr\/wp-json\/wp\/v2\/comments?post=341"}],"wp:featuredmedia":[{"embeddable":true,"href":"https:\/\/vapourproductscanada.com\/fr\/wp-json\/wp\/v2\/media\/1989"}],"wp:attachment":[{"href":"https:\/\/vapourproductscanada.com\/fr\/wp-json\/wp\/v2\/media?parent=341"}],"wp:term":[{"taxonomy":"product_cat","embeddable":true,"href":"https:\/\/vapourproductscanada.com\/fr\/wp-json\/wp\/v2\/product_cat?post=341"},{"taxonomy":"product_tag","embeddable":true,"href":"https:\/\/vapourproductscanada.com\/fr\/wp-json\/wp\/v2\/product_tag?post=341"}],"curies":[{"name":"wp","href":"https:\/\/api.w.org\/{rel}","templated":true}]}}