{"id":342,"date":"2022-07-26T19:30:04","date_gmt":"2022-07-26T19:30:04","guid":{"rendered":"http:\/\/vapourproductscanada.com\/?post_type=product&#038;p=342"},"modified":"2022-08-30T20:46:16","modified_gmt":"2022-08-30T20:46:16","slug":"20-awpr-20-50-advanced-prestige-water-vapour-fireplace","status":"publish","type":"product","link":"https:\/\/vapourproductscanada.com\/fr\/produit\/20-awpr-20-50-advanced-prestige-water-vapour-fireplace\/","title":{"rendered":"AQUAFIRE PRESTIGE 20\u201d"},"content":{"rendered":"<p style=\"text-align: center;\"><strong>L'insert mesure 20 in | 50,8 cm de long 12,9 in | 32,8 cm de large et 11,3 in | 28,6 cm de haut<\/strong><\/p>\n<p style=\"text-align: left;\">Foyer \u00e0 vapeur d'eau 20\" AWPR 20-50 advanced prestige. Votre foyer est livr\u00e9 sous la forme d'un insert noir satin\u00e9 que vous pouvez placer dans une cosse de foyer d\u00e9corative. Contr\u00f4lable par un bouton sur l'appareil ou une t\u00e9l\u00e9commande avec des fonctionnalit\u00e9s avanc\u00e9es comprenant une application pour smartphone et des commandes de feu r\u00e9glant la hauteur, la vitesse et la couleur des flammes avec 15 options de lumi\u00e8re et de couleur. \u00c9quip\u00e9 d'un classement manuel et d'une option de plomberie directe pour votre confort avec une d\u00e9sinfection de l'eau et de l'air \u00e0 l'aide de la lumi\u00e8re ultraviolette pour votre s\u00e9curit\u00e9.<\/p>\n<p style=\"text-align: left;\">Le mod\u00e8le prestige est enti\u00e8rement automatis\u00e9 avec remplissage et vidange gr\u00e2ce \u00e0 une pompe int\u00e9gr\u00e9e connect\u00e9e. Avec une autonomie de 20 heures, un r\u00e9servoir d'une capacit\u00e9 de 2 litres et une puissance de 65 watts, ce produit, qui p\u00e8se seulement 16 kg, est vraiment petit mais puissant.<\/p>","protected":false},"excerpt":{"rendered":"<p>Your fireplace comes as a satin black insert you can place into a decorative fireplace pod, insert sized 20 in | 50.8 cm long 12.9 in | 32.8cm wide and 11.3 in | 28.6 cm high. Controllable by a button on the device or remote control with advanced features including a smartphone app and fire controls adjusting height, speed, and colour of the flames with 15 light and colour options.<\/p>","protected":false},"featured_media":1987,"comment_status":"open","ping_status":"closed","template":"","meta":[],"product_cat":[22],"product_tag":[],"yoast_head":"<!-- This site is optimized with the Yoast SEO plugin v20.6 - https:\/\/yoast.com\/wordpress\/plugins\/seo\/ -->\n<title>AQUAFIRE PRESTIGE 20\u201d - Vapour Products Canada<\/title>\n<meta name=\"robots\" content=\"index, follow, max-snippet:-1, max-image-preview:large, max-video-preview:-1\" \/>\n<link rel=\"canonical\" href=\"https:\/\/vapourproductscanada.com\/fr\/produit\/20-awpr-20-50-advanced-prestige-water-vapour-fireplace\/\" \/>\n<meta property=\"og:locale\" content=\"fr_CA\" \/>\n<meta property=\"og:type\" content=\"article\" \/>\n<meta property=\"og:title\" content=\"AQUAFIRE PRESTIGE 20\u201d - Vapour Products Canada\" \/>\n<meta property=\"og:description\" content=\"Your fireplace comes as a satin black insert you can place into a decorative fireplace pod, insert sized 20 in | 50.8 cm long 12.9 in | 32.8cm wide and 11.3 in | 28.6 cm high. Controllable by a button on the device or remote control with advanced features including a smartphone app and fire controls adjusting height, speed, and colour of the flames with 15 light and colour options.\" \/>\n<meta property=\"og:url\" content=\"https:\/\/vapourproductscanada.com\/fr\/produit\/20-awpr-20-50-advanced-prestige-water-vapour-fireplace\/\" \/>\n<meta property=\"og:site_name\" content=\"Vapour Products Canada\" \/>\n<meta property=\"article:modified_time\" content=\"2022-08-30T20:46:16+00:00\" \/>\n<meta property=\"og:image\" content=\"https:\/\/vapourproductscanada.com\/wp-content\/uploads\/2022\/07\/AWPR-20-50-installation-Prestige.png\" \/>\n\t<meta property=\"og:image:width\" content=\"1280\" \/>\n\t<meta property=\"og:image:height\" content=\"905\" \/>\n\t<meta property=\"og:image:type\" content=\"image\/png\" \/>\n<meta name=\"twitter:card\" content=\"summary_large_image\" \/>\n<meta name=\"twitter:label1\" content=\"Estimation du temps de lecture\" \/>\n\t<meta name=\"twitter:data1\" content=\"1 minute\" \/>\n<script type=\"application\/ld+json\" class=\"yoast-schema-graph\">{\"@context\":\"https:\/\/schema.org\",\"@graph\":[{\"@type\":\"WebPage\",\"@id\":\"https:\/\/vapourproductscanada.com\/fr\/produit\/20-awpr-20-50-advanced-prestige-water-vapour-fireplace\/\",\"url\":\"https:\/\/vapourproductscanada.com\/fr\/produit\/20-awpr-20-50-advanced-prestige-water-vapour-fireplace\/\",\"name\":\"AQUAFIRE PRESTIGE 20\u201d - Vapour Products Canada\",\"isPartOf\":{\"@id\":\"https:\/\/vapourproductscanada.com\/fr\/#website\"},\"datePublished\":\"2022-07-26T19:30:04+00:00\",\"dateModified\":\"2022-08-30T20:46:16+00:00\",\"breadcrumb\":{\"@id\":\"https:\/\/vapourproductscanada.com\/fr\/produit\/20-awpr-20-50-advanced-prestige-water-vapour-fireplace\/#breadcrumb\"},\"inLanguage\":\"fr-CA\",\"potentialAction\":[{\"@type\":\"ReadAction\",\"target\":[\"https:\/\/vapourproductscanada.com\/fr\/produit\/20-awpr-20-50-advanced-prestige-water-vapour-fireplace\/\"]}]},{\"@type\":\"BreadcrumbList\",\"@id\":\"https:\/\/vapourproductscanada.com\/fr\/produit\/20-awpr-20-50-advanced-prestige-water-vapour-fireplace\/#breadcrumb\",\"itemListElement\":[{\"@type\":\"ListItem\",\"position\":1,\"name\":\"Home\",\"item\":\"https:\/\/vapourproductscanada.com\/fr\/\"},{\"@type\":\"ListItem\",\"position\":2,\"name\":\"Shop\",\"item\":\"http:\/\/vapourproductscanada.com\/fr\/shop\/\"},{\"@type\":\"ListItem\",\"position\":3,\"name\":\"AQUAFIRE PRESTIGE 20\u201d\"}]},{\"@type\":\"WebSite\",\"@id\":\"https:\/\/vapourproductscanada.com\/fr\/#website\",\"url\":\"https:\/\/vapourproductscanada.com\/fr\/\",\"name\":\"Vapour Products Canada\",\"description\":\"Water Vapour, Home decorations &amp; Fireplace Products\",\"publisher\":{\"@id\":\"https:\/\/vapourproductscanada.com\/fr\/#organization\"},\"potentialAction\":[{\"@type\":\"SearchAction\",\"target\":{\"@type\":\"EntryPoint\",\"urlTemplate\":\"https:\/\/vapourproductscanada.com\/fr\/?s={search_term_string}\"},\"query-input\":\"required name=search_term_string\"}],\"inLanguage\":\"fr-CA\"},{\"@type\":\"Organization\",\"@id\":\"https:\/\/vapourproductscanada.com\/fr\/#organization\",\"name\":\"Vapour Products Canada\",\"url\":\"https:\/\/vapourproductscanada.com\/fr\/\",\"logo\":{\"@type\":\"ImageObject\",\"inLanguage\":\"fr-CA\",\"@id\":\"https:\/\/vapourproductscanada.com\/fr\/#\/schema\/logo\/image\/\",\"url\":\"https:\/\/vapourproductscanada.com\/wp-content\/uploads\/2022\/07\/Layer-1.png\",\"contentUrl\":\"https:\/\/vapourproductscanada.com\/wp-content\/uploads\/2022\/07\/Layer-1.png\",\"width\":404,\"height\":178,\"caption\":\"Vapour Products Canada\"},\"image\":{\"@id\":\"https:\/\/vapourproductscanada.com\/fr\/#\/schema\/logo\/image\/\"}}]}<\/script>\n<!-- \/ Yoast SEO plugin. -->","yoast_head_json":{"title":"AQUAFIRE PRESTIGE 20\u201d - Vapour Products Canada","robots":{"index":"index","follow":"follow","max-snippet":"max-snippet:-1","max-image-preview":"max-image-preview:large","max-video-preview":"max-video-preview:-1"},"canonical":"https:\/\/vapourproductscanada.com\/fr\/produit\/20-awpr-20-50-advanced-prestige-water-vapour-fireplace\/","og_locale":"fr_CA","og_type":"article","og_title":"AQUAFIRE PRESTIGE 20\u201d - Vapour Products Canada","og_description":"Your fireplace comes as a satin black insert you can place into a decorative fireplace pod, insert sized 20 in | 50.8 cm long 12.9 in | 32.8cm wide and 11.3 in | 28.6 cm high. Controllable by a button on the device or remote control with advanced features including a smartphone app and fire controls adjusting height, speed, and colour of the flames with 15 light and colour options.","og_url":"https:\/\/vapourproductscanada.com\/fr\/produit\/20-awpr-20-50-advanced-prestige-water-vapour-fireplace\/","og_site_name":"Vapour Products Canada","article_modified_time":"2022-08-30T20:46:16+00:00","og_image":[{"width":1280,"height":905,"url":"https:\/\/vapourproductscanada.com\/wp-content\/uploads\/2022\/07\/AWPR-20-50-installation-Prestige.png","type":"image\/png"}],"twitter_card":"summary_large_image","twitter_misc":{"Estimation du temps de lecture":"1 minute"},"schema":{"@context":"https:\/\/schema.org","@graph":[{"@type":"WebPage","@id":"https:\/\/vapourproductscanada.com\/fr\/produit\/20-awpr-20-50-advanced-prestige-water-vapour-fireplace\/","url":"https:\/\/vapourproductscanada.com\/fr\/produit\/20-awpr-20-50-advanced-prestige-water-vapour-fireplace\/","name":"AQUAFIRE PRESTIGE 20\u201d - Vapour Products Canada","isPartOf":{"@id":"https:\/\/vapourproductscanada.com\/fr\/#website"},"datePublished":"2022-07-26T19:30:04+00:00","dateModified":"2022-08-30T20:46:16+00:00","breadcrumb":{"@id":"https:\/\/vapourproductscanada.com\/fr\/produit\/20-awpr-20-50-advanced-prestige-water-vapour-fireplace\/#breadcrumb"},"inLanguage":"fr-CA","potentialAction":[{"@type":"ReadAction","target":["https:\/\/vapourproductscanada.com\/fr\/produit\/20-awpr-20-50-advanced-prestige-water-vapour-fireplace\/"]}]},{"@type":"BreadcrumbList","@id":"https:\/\/vapourproductscanada.com\/fr\/produit\/20-awpr-20-50-advanced-prestige-water-vapour-fireplace\/#breadcrumb","itemListElement":[{"@type":"ListItem","position":1,"name":"Home","item":"https:\/\/vapourproductscanada.com\/fr\/"},{"@type":"ListItem","position":2,"name":"Shop","item":"http:\/\/vapourproductscanada.com\/fr\/shop\/"},{"@type":"ListItem","position":3,"name":"AQUAFIRE PRESTIGE 20\u201d"}]},{"@type":"WebSite","@id":"https:\/\/vapourproductscanada.com\/fr\/#website","url":"https:\/\/vapourproductscanada.com\/fr\/","name":"Vapour Products Canada","description":"Water Vapour, Home decorations &amp; Fireplace Products","publisher":{"@id":"https:\/\/vapourproductscanada.com\/fr\/#organization"},"potentialAction":[{"@type":"SearchAction","target":{"@type":"EntryPoint","urlTemplate":"https:\/\/vapourproductscanada.com\/fr\/?s={search_term_string}"},"query-input":"required name=search_term_string"}],"inLanguage":"fr-CA"},{"@type":"Organization","@id":"https:\/\/vapourproductscanada.com\/fr\/#organization","name":"Vapour Products Canada","url":"https:\/\/vapourproductscanada.com\/fr\/","logo":{"@type":"ImageObject","inLanguage":"fr-CA","@id":"https:\/\/vapourproductscanada.com\/fr\/#\/schema\/logo\/image\/","url":"https:\/\/vapourproductscanada.com\/wp-content\/uploads\/2022\/07\/Layer-1.png","contentUrl":"https:\/\/vapourproductscanada.com\/wp-content\/uploads\/2022\/07\/Layer-1.png","width":404,"height":178,"caption":"Vapour Products Canada"},"image":{"@id":"https:\/\/vapourproductscanada.com\/fr\/#\/schema\/logo\/image\/"}}]}},"_links":{"self":[{"href":"https:\/\/vapourproductscanada.com\/fr\/wp-json\/wp\/v3\/product\/342"}],"collection":[{"href":"https:\/\/vapourproductscanada.com\/fr\/wp-json\/wp\/v3\/product"}],"about":[{"href":"https:\/\/vapourproductscanada.com\/fr\/wp-json\/wp\/v2\/types\/product"}],"replies":[{"embeddable":true,"href":"https:\/\/vapourproductscanada.com\/fr\/wp-json\/wp\/v2\/comments?post=342"}],"wp:featuredmedia":[{"embeddable":true,"href":"https:\/\/vapourproductscanada.com\/fr\/wp-json\/wp\/v2\/media\/1987"}],"wp:attachment":[{"href":"https:\/\/vapourproductscanada.com\/fr\/wp-json\/wp\/v2\/media?parent=342"}],"wp:term":[{"taxonomy":"product_cat","embeddable":true,"href":"https:\/\/vapourproductscanada.com\/fr\/wp-json\/wp\/v2\/product_cat?post=342"},{"taxonomy":"product_tag","embeddable":true,"href":"https:\/\/vapourproductscanada.com\/fr\/wp-json\/wp\/v2\/product_tag?post=342"}],"curies":[{"name":"wp","href":"https:\/\/api.w.org\/{rel}","templated":true}]}}