{"id":343,"date":"2022-07-26T19:30:54","date_gmt":"2022-07-26T19:30:54","guid":{"rendered":"http:\/\/vapourproductscanada.com\/?post_type=product&#038;p=343"},"modified":"2022-08-30T20:45:41","modified_gmt":"2022-08-30T20:45:41","slug":"40-awpr-advanced-prestige-water-vapour-fireplace","status":"publish","type":"product","link":"https:\/\/vapourproductscanada.com\/fr\/produit\/40-awpr-advanced-prestige-water-vapour-fireplace\/","title":{"rendered":"AQUAFIRE PRESTIGE 40\u201d"},"content":{"rendered":"<p style=\"text-align: center;\"><strong>Taille de l'insert 40 in | 101,6 cm de long 12,9 in | 32,8 cm de large et 11,3 in | 28,6 cm de haut <\/strong><\/p>\n<p style=\"text-align: left;\">Foyer \u00e0 vapeur d'eau 40\" AWPR advanced prestige. Votre foyer est livr\u00e9 sous la forme d'un insert noir satin\u00e9 que vous pouvez placer dans une bo\u00eete \u00e0 foyer d\u00e9corative. Contr\u00f4lable par le bouton marche\/arr\u00eat de l'insert ou par la t\u00e9l\u00e9commande avec des fonctions avanc\u00e9es comprenant une application pour smartphone et des commandes de feu r\u00e9glant la hauteur, la vitesse et la couleur des flammes avec 15 options de lumi\u00e8re et de couleur. \u00c9quip\u00e9 d'options de remplissage manuel et de plomberie directe et d'une fonction de remplissage\/vidange automatis\u00e9e si connect\u00e9.<\/p>\n<p style=\"text-align: left;\">Tous les foyers AFIRE sont dot\u00e9s d'une technologie de purification de l'eau et de l'air utilisant des ultraviolets pour un r\u00e9sultat efficace \u00e0 99,9% pour une s\u00e9curit\u00e9 maximale en mati\u00e8re de qualit\u00e9 de l'air. La dur\u00e9e de fonctionnement du mod\u00e8le 40in est de 20 h avec une capacit\u00e9 de 4 litres, une puissance de 130 w et un poids de 27 kg.<\/p>","protected":false},"excerpt":{"rendered":"<p>Your fireplace comes as a satin black insert you can place into a decorative fireplace pod. Insert size 40 in | 101.6cm long 12.9 in | 32.8 cm wide and 11.3 in | 28.6 cm high. Controllable by power on\/off button on the insert or remote control with advanced features including a smartphone app and fire controls adjusting height, speed, and colour of the flames with 15 light and colour options.<\/p>","protected":false},"featured_media":1985,"comment_status":"open","ping_status":"closed","template":"","meta":[],"product_cat":[22],"product_tag":[],"yoast_head":"<!-- This site is optimized with the Yoast SEO plugin v20.6 - https:\/\/yoast.com\/wordpress\/plugins\/seo\/ -->\n<title>AQUAFIRE PRESTIGE 40\u201d - Vapour Products Canada<\/title>\n<meta name=\"robots\" content=\"index, follow, max-snippet:-1, max-image-preview:large, max-video-preview:-1\" \/>\n<link rel=\"canonical\" href=\"https:\/\/vapourproductscanada.com\/fr\/produit\/40-awpr-advanced-prestige-water-vapour-fireplace\/\" \/>\n<meta property=\"og:locale\" content=\"fr_CA\" \/>\n<meta property=\"og:type\" content=\"article\" \/>\n<meta property=\"og:title\" content=\"AQUAFIRE PRESTIGE 40\u201d - Vapour Products Canada\" \/>\n<meta property=\"og:description\" content=\"Your fireplace comes as a satin black insert you can place into a decorative fireplace pod. Insert size 40 in | 101.6cm long 12.9 in | 32.8 cm wide and 11.3 in | 28.6 cm high. Controllable by power on\/off button on the insert or remote control with advanced features including a smartphone app and fire controls adjusting height, speed, and colour of the flames with 15 light and colour options.\" \/>\n<meta property=\"og:url\" content=\"https:\/\/vapourproductscanada.com\/fr\/produit\/40-awpr-advanced-prestige-water-vapour-fireplace\/\" \/>\n<meta property=\"og:site_name\" content=\"Vapour Products Canada\" \/>\n<meta property=\"article:modified_time\" content=\"2022-08-30T20:45:41+00:00\" \/>\n<meta property=\"og:image\" content=\"https:\/\/vapourproductscanada.com\/wp-content\/uploads\/2022\/07\/AWPR-40-100-installation-Prestige.png\" \/>\n\t<meta property=\"og:image:width\" content=\"1280\" \/>\n\t<meta property=\"og:image:height\" content=\"905\" \/>\n\t<meta property=\"og:image:type\" content=\"image\/png\" \/>\n<meta name=\"twitter:card\" content=\"summary_large_image\" \/>\n<meta name=\"twitter:label1\" content=\"Estimation du temps de lecture\" \/>\n\t<meta name=\"twitter:data1\" content=\"1 minute\" \/>\n<script type=\"application\/ld+json\" class=\"yoast-schema-graph\">{\"@context\":\"https:\/\/schema.org\",\"@graph\":[{\"@type\":\"WebPage\",\"@id\":\"https:\/\/vapourproductscanada.com\/fr\/produit\/40-awpr-advanced-prestige-water-vapour-fireplace\/\",\"url\":\"https:\/\/vapourproductscanada.com\/fr\/produit\/40-awpr-advanced-prestige-water-vapour-fireplace\/\",\"name\":\"AQUAFIRE PRESTIGE 40\u201d - Vapour Products Canada\",\"isPartOf\":{\"@id\":\"https:\/\/vapourproductscanada.com\/fr\/#website\"},\"datePublished\":\"2022-07-26T19:30:54+00:00\",\"dateModified\":\"2022-08-30T20:45:41+00:00\",\"breadcrumb\":{\"@id\":\"https:\/\/vapourproductscanada.com\/fr\/produit\/40-awpr-advanced-prestige-water-vapour-fireplace\/#breadcrumb\"},\"inLanguage\":\"fr-CA\",\"potentialAction\":[{\"@type\":\"ReadAction\",\"target\":[\"https:\/\/vapourproductscanada.com\/fr\/produit\/40-awpr-advanced-prestige-water-vapour-fireplace\/\"]}]},{\"@type\":\"BreadcrumbList\",\"@id\":\"https:\/\/vapourproductscanada.com\/fr\/produit\/40-awpr-advanced-prestige-water-vapour-fireplace\/#breadcrumb\",\"itemListElement\":[{\"@type\":\"ListItem\",\"position\":1,\"name\":\"Home\",\"item\":\"https:\/\/vapourproductscanada.com\/fr\/\"},{\"@type\":\"ListItem\",\"position\":2,\"name\":\"Shop\",\"item\":\"http:\/\/vapourproductscanada.com\/fr\/shop\/\"},{\"@type\":\"ListItem\",\"position\":3,\"name\":\"AQUAFIRE PRESTIGE 40\u201d\"}]},{\"@type\":\"WebSite\",\"@id\":\"https:\/\/vapourproductscanada.com\/fr\/#website\",\"url\":\"https:\/\/vapourproductscanada.com\/fr\/\",\"name\":\"Vapour Products Canada\",\"description\":\"Water Vapour, Home decorations &amp; Fireplace Products\",\"publisher\":{\"@id\":\"https:\/\/vapourproductscanada.com\/fr\/#organization\"},\"potentialAction\":[{\"@type\":\"SearchAction\",\"target\":{\"@type\":\"EntryPoint\",\"urlTemplate\":\"https:\/\/vapourproductscanada.com\/fr\/?s={search_term_string}\"},\"query-input\":\"required name=search_term_string\"}],\"inLanguage\":\"fr-CA\"},{\"@type\":\"Organization\",\"@id\":\"https:\/\/vapourproductscanada.com\/fr\/#organization\",\"name\":\"Vapour Products Canada\",\"url\":\"https:\/\/vapourproductscanada.com\/fr\/\",\"logo\":{\"@type\":\"ImageObject\",\"inLanguage\":\"fr-CA\",\"@id\":\"https:\/\/vapourproductscanada.com\/fr\/#\/schema\/logo\/image\/\",\"url\":\"https:\/\/vapourproductscanada.com\/wp-content\/uploads\/2022\/07\/Layer-1.png\",\"contentUrl\":\"https:\/\/vapourproductscanada.com\/wp-content\/uploads\/2022\/07\/Layer-1.png\",\"width\":404,\"height\":178,\"caption\":\"Vapour Products Canada\"},\"image\":{\"@id\":\"https:\/\/vapourproductscanada.com\/fr\/#\/schema\/logo\/image\/\"}}]}<\/script>\n<!-- \/ Yoast SEO plugin. -->","yoast_head_json":{"title":"AQUAFIRE PRESTIGE 40\u201d - Vapour Products Canada","robots":{"index":"index","follow":"follow","max-snippet":"max-snippet:-1","max-image-preview":"max-image-preview:large","max-video-preview":"max-video-preview:-1"},"canonical":"https:\/\/vapourproductscanada.com\/fr\/produit\/40-awpr-advanced-prestige-water-vapour-fireplace\/","og_locale":"fr_CA","og_type":"article","og_title":"AQUAFIRE PRESTIGE 40\u201d - Vapour Products Canada","og_description":"Your fireplace comes as a satin black insert you can place into a decorative fireplace pod. Insert size 40 in | 101.6cm long 12.9 in | 32.8 cm wide and 11.3 in | 28.6 cm high. Controllable by power on\/off button on the insert or remote control with advanced features including a smartphone app and fire controls adjusting height, speed, and colour of the flames with 15 light and colour options.","og_url":"https:\/\/vapourproductscanada.com\/fr\/produit\/40-awpr-advanced-prestige-water-vapour-fireplace\/","og_site_name":"Vapour Products Canada","article_modified_time":"2022-08-30T20:45:41+00:00","og_image":[{"width":1280,"height":905,"url":"https:\/\/vapourproductscanada.com\/wp-content\/uploads\/2022\/07\/AWPR-40-100-installation-Prestige.png","type":"image\/png"}],"twitter_card":"summary_large_image","twitter_misc":{"Estimation du temps de lecture":"1 minute"},"schema":{"@context":"https:\/\/schema.org","@graph":[{"@type":"WebPage","@id":"https:\/\/vapourproductscanada.com\/fr\/produit\/40-awpr-advanced-prestige-water-vapour-fireplace\/","url":"https:\/\/vapourproductscanada.com\/fr\/produit\/40-awpr-advanced-prestige-water-vapour-fireplace\/","name":"AQUAFIRE PRESTIGE 40\u201d - Vapour Products Canada","isPartOf":{"@id":"https:\/\/vapourproductscanada.com\/fr\/#website"},"datePublished":"2022-07-26T19:30:54+00:00","dateModified":"2022-08-30T20:45:41+00:00","breadcrumb":{"@id":"https:\/\/vapourproductscanada.com\/fr\/produit\/40-awpr-advanced-prestige-water-vapour-fireplace\/#breadcrumb"},"inLanguage":"fr-CA","potentialAction":[{"@type":"ReadAction","target":["https:\/\/vapourproductscanada.com\/fr\/produit\/40-awpr-advanced-prestige-water-vapour-fireplace\/"]}]},{"@type":"BreadcrumbList","@id":"https:\/\/vapourproductscanada.com\/fr\/produit\/40-awpr-advanced-prestige-water-vapour-fireplace\/#breadcrumb","itemListElement":[{"@type":"ListItem","position":1,"name":"Home","item":"https:\/\/vapourproductscanada.com\/fr\/"},{"@type":"ListItem","position":2,"name":"Shop","item":"http:\/\/vapourproductscanada.com\/fr\/shop\/"},{"@type":"ListItem","position":3,"name":"AQUAFIRE PRESTIGE 40\u201d"}]},{"@type":"WebSite","@id":"https:\/\/vapourproductscanada.com\/fr\/#website","url":"https:\/\/vapourproductscanada.com\/fr\/","name":"Vapour Products Canada","description":"Water Vapour, Home decorations &amp; Fireplace Products","publisher":{"@id":"https:\/\/vapourproductscanada.com\/fr\/#organization"},"potentialAction":[{"@type":"SearchAction","target":{"@type":"EntryPoint","urlTemplate":"https:\/\/vapourproductscanada.com\/fr\/?s={search_term_string}"},"query-input":"required name=search_term_string"}],"inLanguage":"fr-CA"},{"@type":"Organization","@id":"https:\/\/vapourproductscanada.com\/fr\/#organization","name":"Vapour Products Canada","url":"https:\/\/vapourproductscanada.com\/fr\/","logo":{"@type":"ImageObject","inLanguage":"fr-CA","@id":"https:\/\/vapourproductscanada.com\/fr\/#\/schema\/logo\/image\/","url":"https:\/\/vapourproductscanada.com\/wp-content\/uploads\/2022\/07\/Layer-1.png","contentUrl":"https:\/\/vapourproductscanada.com\/wp-content\/uploads\/2022\/07\/Layer-1.png","width":404,"height":178,"caption":"Vapour Products Canada"},"image":{"@id":"https:\/\/vapourproductscanada.com\/fr\/#\/schema\/logo\/image\/"}}]}},"_links":{"self":[{"href":"https:\/\/vapourproductscanada.com\/fr\/wp-json\/wp\/v3\/product\/343"}],"collection":[{"href":"https:\/\/vapourproductscanada.com\/fr\/wp-json\/wp\/v3\/product"}],"about":[{"href":"https:\/\/vapourproductscanada.com\/fr\/wp-json\/wp\/v2\/types\/product"}],"replies":[{"embeddable":true,"href":"https:\/\/vapourproductscanada.com\/fr\/wp-json\/wp\/v2\/comments?post=343"}],"wp:featuredmedia":[{"embeddable":true,"href":"https:\/\/vapourproductscanada.com\/fr\/wp-json\/wp\/v2\/media\/1985"}],"wp:attachment":[{"href":"https:\/\/vapourproductscanada.com\/fr\/wp-json\/wp\/v2\/media?parent=343"}],"wp:term":[{"taxonomy":"product_cat","embeddable":true,"href":"https:\/\/vapourproductscanada.com\/fr\/wp-json\/wp\/v2\/product_cat?post=343"},{"taxonomy":"product_tag","embeddable":true,"href":"https:\/\/vapourproductscanada.com\/fr\/wp-json\/wp\/v2\/product_tag?post=343"}],"curies":[{"name":"wp","href":"https:\/\/api.w.org\/{rel}","templated":true}]}}